{"id":3415,"date":"2026-02-20T18:59:25","date_gmt":"2026-02-20T18:59:25","guid":{"rendered":"https:\/\/thebestfishinlatinamerica.com\/?page_id=3415"},"modified":"2026-02-26T12:18:26","modified_gmt":"2026-02-26T12:18:26","slug":"academia-en-video","status":"publish","type":"page","link":"https:\/\/thebestfishinlatinamerica.com\/en\/academia-en-video\/","title":{"rendered":"Video Academy"},"content":{"rendered":"<div data-elementor-type=\"wp-page\" data-elementor-id=\"3415\" class=\"elementor elementor-3415\">\n\t\t\t\t<div class=\"elementor-element elementor-element-37fbf46 e-flex e-con-boxed e-con e-parent\" data-id=\"37fbf46\" data-element_type=\"container\" data-e-type=\"container\" data-settings=\"{&quot;background_background&quot;:&quot;classic&quot;}\">\n\t\t\t\t\t<div class=\"e-con-inner\">\n\t\t<div class=\"elementor-element elementor-element-4f994984 e-flex e-con-boxed e-con e-child\" data-id=\"4f994984\" data-element_type=\"container\" data-e-type=\"container\">\n\t\t\t\t\t<div class=\"e-con-inner\">\n\t\t\t\t<div class=\"elementor-element elementor-element-5db332fa animated-slow elementor-invisible elementor-widget elementor-widget-heading\" data-id=\"5db332fa\" data-element_type=\"widget\" data-e-type=\"widget\" data-settings=\"{&quot;_animation&quot;:&quot;slideInUp&quot;}\" data-widget_type=\"heading.default\">\n\t\t\t\t<div class=\"elementor-widget-container\">\n\t\t\t\t\t<h2 class=\"elementor-heading-title elementor-size-default\">Learn effectively<\/h2>\t\t\t\t<\/div>\n\t\t\t\t<\/div>\n\t\t\t\t\t<\/div>\n\t\t\t\t<\/div>\n\t\t<div class=\"elementor-element elementor-element-5efa1bd7 e-con-full e-flex e-con e-child\" data-id=\"5efa1bd7\" data-element_type=\"container\" data-e-type=\"container\">\n\t\t<div class=\"elementor-element elementor-element-1ae5ee5f e-con-full e-flex e-con e-child\" data-id=\"1ae5ee5f\" data-element_type=\"container\" data-e-type=\"container\">\n\t\t\t\t<div class=\"elementor-element elementor-element-3a215fd7 elementor-invisible elementor-widget elementor-widget-heading\" data-id=\"3a215fd7\" data-element_type=\"widget\" data-e-type=\"widget\" data-settings=\"{&quot;_animation&quot;:&quot;zoomIn&quot;}\" data-widget_type=\"heading.default\">\n\t\t\t\t<div class=\"elementor-widget-container\">\n\t\t\t\t\t<h3 class=\"elementor-heading-title elementor-size-default\">Effective sales strategies<\/h3>\t\t\t\t<\/div>\n\t\t\t\t<\/div>\n\t\t\t\t<div class=\"elementor-element elementor-element-75ee05b6 elementor-position-top elementor-invisible elementor-widget elementor-widget-image-box\" data-id=\"75ee05b6\" data-element_type=\"widget\" data-e-type=\"widget\" data-settings=\"{&quot;_animation&quot;:&quot;zoomIn&quot;}\" data-widget_type=\"image-box.default\">\n\t\t\t\t<div class=\"elementor-widget-container\">\n\t\t\t\t\t<div class=\"elementor-image-box-wrapper\"><figure class=\"elementor-image-box-img\"><img fetchpriority=\"high\" decoding=\"async\" width=\"1024\" height=\"1024\" src=\"https:\/\/thebestfishinlatinamerica.com\/wp-content\/uploads\/2026\/02\/a-dramatic-split-screen-product-and-life_QizTsxOZQd2m3BJu-weB-Q_TKA-Vi3TRjKsHy2p54etjQ.jpeg\" class=\"attachment-full size-full wp-image-3433\" alt=\"\" srcset=\"https:\/\/thebestfishinlatinamerica.com\/wp-content\/uploads\/2026\/02\/a-dramatic-split-screen-product-and-life_QizTsxOZQd2m3BJu-weB-Q_TKA-Vi3TRjKsHy2p54etjQ.jpeg 1024w, https:\/\/thebestfishinlatinamerica.com\/wp-content\/uploads\/2026\/02\/a-dramatic-split-screen-product-and-life_QizTsxOZQd2m3BJu-weB-Q_TKA-Vi3TRjKsHy2p54etjQ-300x300.jpeg 300w, https:\/\/thebestfishinlatinamerica.com\/wp-content\/uploads\/2026\/02\/a-dramatic-split-screen-product-and-life_QizTsxOZQd2m3BJu-weB-Q_TKA-Vi3TRjKsHy2p54etjQ-150x150.jpeg 150w, https:\/\/thebestfishinlatinamerica.com\/wp-content\/uploads\/2026\/02\/a-dramatic-split-screen-product-and-life_QizTsxOZQd2m3BJu-weB-Q_TKA-Vi3TRjKsHy2p54etjQ-768x768.jpeg 768w\" sizes=\"(max-width: 1024px) 100vw, 1024px\" \/><\/figure><div class=\"elementor-image-box-content\"><p class=\"elementor-image-box-description\">In this section, you will discover practical strategies to sell ornamental fish more effectively and profitably. The content is designed for traders and industry professionals who want to improve their results, better understand their customers, and make better sales decisions. Here you will learn what currently works in the market, what mistakes to avoid, and how to build a stronger and more stable business within the ornamental fish industry.<\/p><\/div><\/div>\t\t\t\t<\/div>\n\t\t\t\t<\/div>\n\t\t\t\t<div class=\"elementor-element elementor-element-8b7b112 elementor-align-center elementor-invisible elementor-widget elementor-widget-button\" data-id=\"8b7b112\" data-element_type=\"widget\" data-e-type=\"widget\" data-settings=\"{&quot;_animation&quot;:&quot;zoomIn&quot;}\" data-widget_type=\"button.default\">\n\t\t\t\t<div class=\"elementor-widget-container\">\n\t\t\t\t\t\t\t\t\t<div class=\"elementor-button-wrapper\">\n\t\t\t\t\t<a class=\"elementor-button elementor-button-link elementor-size-sm elementor-animation-shrink\" href=\"https:\/\/thebestfishinlatinamerica.com\/en\/marketing-de-peces\/\">\n\t\t\t\t\t\t<span class=\"elementor-button-content-wrapper\">\n\t\t\t\t\t\t<span class=\"elementor-button-icon\">\n\t\t\t\t<svg aria-hidden=\"true\" class=\"e-font-icon-svg e-fab-youtube-square\" viewbox=\"0 0 448 512\" xmlns=\"http:\/\/www.w3.org\/2000\/svg\"><path d=\"M186.8 202.1l95.2 54.1-95.2 54.1V202.1zM448 80v352c0 26.5-21.5 48-48 48H48c-26.5 0-48-21.5-48-48V80c0-26.5 21.5-48 48-48h352c26.5 0 48 21.5 48 48zm-42 176.3s0-59.6-7.6-88.2c-4.2-15.8-16.5-28.2-32.2-32.4C337.9 128 224 128 224 128s-113.9 0-142.2 7.7c-15.7 4.2-28 16.6-32.2 32.4-7.6 28.5-7.6 88.2-7.6 88.2s0 59.6 7.6 88.2c4.2 15.8 16.5 27.7 32.2 31.9C110.1 384 224 384 224 384s113.9 0 142.2-7.7c15.7-4.2 28-16.1 32.2-31.9 7.6-28.5 7.6-88.1 7.6-88.1z\"><\/path><\/svg>\t\t\t<\/span>\n\t\t\t\t\t\t\t\t\t<span class=\"elementor-button-text\">Enter to learn<\/span>\n\t\t\t\t\t<\/span>\n\t\t\t\t\t<\/a>\n\t\t\t\t<\/div>\n\t\t\t\t\t\t\t\t<\/div>\n\t\t\t\t<\/div>\n\t\t\t\t<\/div>\n\t\t<div class=\"elementor-element elementor-element-4eab5fa6 e-con-full e-flex e-con e-child\" data-id=\"4eab5fa6\" data-element_type=\"container\" data-e-type=\"container\">\n\t\t\t\t<div class=\"elementor-element elementor-element-4f7fa43 elementor-invisible elementor-widget elementor-widget-heading\" data-id=\"4f7fa43\" data-element_type=\"widget\" data-e-type=\"widget\" data-settings=\"{&quot;_animation&quot;:&quot;zoomIn&quot;}\" data-widget_type=\"heading.default\">\n\t\t\t\t<div class=\"elementor-widget-container\">\n\t\t\t\t\t<h3 class=\"elementor-heading-title elementor-size-default\">Import strategies<\/h3>\t\t\t\t<\/div>\n\t\t\t\t<\/div>\n\t\t\t\t<div class=\"elementor-element elementor-element-3312ddcc elementor-position-top elementor-invisible elementor-widget elementor-widget-image-box\" data-id=\"3312ddcc\" data-element_type=\"widget\" data-e-type=\"widget\" data-settings=\"{&quot;_animation&quot;:&quot;zoomIn&quot;}\" data-widget_type=\"image-box.default\">\n\t\t\t\t<div class=\"elementor-widget-container\">\n\t\t\t\t\t<div class=\"elementor-image-box-wrapper\"><figure class=\"elementor-image-box-img\"><img decoding=\"async\" width=\"1080\" height=\"1080\" src=\"https:\/\/thebestfishinlatinamerica.com\/wp-content\/uploads\/2026\/02\/la-mejor-estrategia-de-importacion.jpg\" class=\"attachment-full size-full wp-image-3434\" alt=\"\" \/><\/figure><div class=\"elementor-image-box-content\"><p class=\"elementor-image-box-description\">In this section, you will find key information about import strategies applied to the ornamental fish business. You will learn how to plan an import process more safely, how to reduce unnecessary costs, what aspects to consider before placing an order, and how to avoid common mistakes that cause delays or losses. All the content is designed to help you import with greater confidence, clarity, and efficiency within this niche<\/p><\/div><\/div>\t\t\t\t<\/div>\n\t\t\t\t<\/div>\n\t\t\t\t<div class=\"elementor-element elementor-element-417d3ee elementor-align-center elementor-invisible elementor-widget elementor-widget-button\" data-id=\"417d3ee\" data-element_type=\"widget\" data-e-type=\"widget\" data-settings=\"{&quot;_animation&quot;:&quot;zoomIn&quot;}\" data-widget_type=\"button.default\">\n\t\t\t\t<div class=\"elementor-widget-container\">\n\t\t\t\t\t\t\t\t\t<div class=\"elementor-button-wrapper\">\n\t\t\t\t\t<a class=\"elementor-button elementor-button-link elementor-size-sm elementor-animation-shrink\" href=\"https:\/\/thebestfishinlatinamerica.com\/en\/estrategias-de-importacion\/\">\n\t\t\t\t\t\t<span class=\"elementor-button-content-wrapper\">\n\t\t\t\t\t\t<span class=\"elementor-button-icon\">\n\t\t\t\t<svg aria-hidden=\"true\" class=\"e-font-icon-svg e-fab-youtube-square\" viewbox=\"0 0 448 512\" xmlns=\"http:\/\/www.w3.org\/2000\/svg\"><path d=\"M186.8 202.1l95.2 54.1-95.2 54.1V202.1zM448 80v352c0 26.5-21.5 48-48 48H48c-26.5 0-48-21.5-48-48V80c0-26.5 21.5-48 48-48h352c26.5 0 48 21.5 48 48zm-42 176.3s0-59.6-7.6-88.2c-4.2-15.8-16.5-28.2-32.2-32.4C337.9 128 224 128 224 128s-113.9 0-142.2 7.7c-15.7 4.2-28 16.6-32.2 32.4-7.6 28.5-7.6 88.2-7.6 88.2s0 59.6 7.6 88.2c4.2 15.8 16.5 27.7 32.2 31.9C110.1 384 224 384 224 384s113.9 0 142.2-7.7c15.7-4.2 28-16.1 32.2-31.9 7.6-28.5 7.6-88.1 7.6-88.1z\"><\/path><\/svg>\t\t\t<\/span>\n\t\t\t\t\t\t\t\t\t<span class=\"elementor-button-text\">Enter to learn<\/span>\n\t\t\t\t\t<\/span>\n\t\t\t\t\t<\/a>\n\t\t\t\t<\/div>\n\t\t\t\t\t\t\t\t<\/div>\n\t\t\t\t<\/div>\n\t\t\t\t<\/div>\n\t\t<div class=\"elementor-element elementor-element-29652038 e-con-full e-flex e-con e-child\" data-id=\"29652038\" data-element_type=\"container\" data-e-type=\"container\">\n\t\t\t\t<div class=\"elementor-element elementor-element-ec357c elementor-invisible elementor-widget elementor-widget-heading\" data-id=\"ec357c\" data-element_type=\"widget\" data-e-type=\"widget\" data-settings=\"{&quot;_animation&quot;:&quot;zoomIn&quot;}\" data-widget_type=\"heading.default\">\n\t\t\t\t<div class=\"elementor-widget-container\">\n\t\t\t\t\t<h3 class=\"elementor-heading-title elementor-size-default\">Tips and native secrets from Jorge<\/h3>\t\t\t\t<\/div>\n\t\t\t\t<\/div>\n\t\t\t\t<div class=\"elementor-element elementor-element-73557418 elementor-position-top elementor-invisible elementor-widget elementor-widget-image-box\" data-id=\"73557418\" data-element_type=\"widget\" data-e-type=\"widget\" data-settings=\"{&quot;_animation&quot;:&quot;zoomIn&quot;}\" data-widget_type=\"image-box.default\">\n\t\t\t\t<div class=\"elementor-widget-container\">\n\t\t\t\t\t<div class=\"elementor-image-box-wrapper\"><figure class=\"elementor-image-box-img\"><img decoding=\"async\" width=\"1200\" height=\"1200\" src=\"https:\/\/thebestfishinlatinamerica.com\/wp-content\/uploads\/2026\/02\/cuidado-y-consejos-nativos-jorge-imagen.jpg\" class=\"attachment-full size-full wp-image-3448\" alt=\"\" srcset=\"https:\/\/thebestfishinlatinamerica.com\/wp-content\/uploads\/2026\/02\/cuidado-y-consejos-nativos-jorge-imagen.jpg 1200w, https:\/\/thebestfishinlatinamerica.com\/wp-content\/uploads\/2026\/02\/cuidado-y-consejos-nativos-jorge-imagen-300x300.jpg 300w, https:\/\/thebestfishinlatinamerica.com\/wp-content\/uploads\/2026\/02\/cuidado-y-consejos-nativos-jorge-imagen-1024x1024.jpg 1024w, https:\/\/thebestfishinlatinamerica.com\/wp-content\/uploads\/2026\/02\/cuidado-y-consejos-nativos-jorge-imagen-150x150.jpg 150w, https:\/\/thebestfishinlatinamerica.com\/wp-content\/uploads\/2026\/02\/cuidado-y-consejos-nativos-jorge-imagen-768x768.jpg 768w\" sizes=\"(max-width: 1200px) 100vw, 1200px\" \/><\/figure><div class=\"elementor-image-box-content\"><p class=\"elementor-image-box-description\">Here you will find an exclusive collection of videos featuring the native tips and secrets of Jorge R\u00edos, an expert in the care, breeding, and transport of ornamental fish. In this section, you will learn real practices based on direct experience with Amazonian species, responsible handling, stress reduction in fish, and key techniques for their well-being. This content is designed for those seeking deep, practical, and reliable knowledge applied to both the daily operations of the business and the hobby.<\/p><\/div><\/div>\t\t\t\t<\/div>\n\t\t\t\t<\/div>\n\t\t\t\t<div class=\"elementor-element elementor-element-1156c48 elementor-align-center elementor-invisible elementor-widget elementor-widget-button\" data-id=\"1156c48\" data-element_type=\"widget\" data-e-type=\"widget\" data-settings=\"{&quot;_animation&quot;:&quot;zoomIn&quot;}\" data-widget_type=\"button.default\">\n\t\t\t\t<div class=\"elementor-widget-container\">\n\t\t\t\t\t\t\t\t\t<div class=\"elementor-button-wrapper\">\n\t\t\t\t\t<a class=\"elementor-button elementor-button-link elementor-size-sm elementor-animation-shrink\" href=\"https:\/\/thebestfishinlatinamerica.com\/en\/consejos-y-secretos\/\">\n\t\t\t\t\t\t<span class=\"elementor-button-content-wrapper\">\n\t\t\t\t\t\t<span class=\"elementor-button-icon\">\n\t\t\t\t<svg aria-hidden=\"true\" class=\"e-font-icon-svg e-fab-youtube-square\" viewbox=\"0 0 448 512\" xmlns=\"http:\/\/www.w3.org\/2000\/svg\"><path d=\"M186.8 202.1l95.2 54.1-95.2 54.1V202.1zM448 80v352c0 26.5-21.5 48-48 48H48c-26.5 0-48-21.5-48-48V80c0-26.5 21.5-48 48-48h352c26.5 0 48 21.5 48 48zm-42 176.3s0-59.6-7.6-88.2c-4.2-15.8-16.5-28.2-32.2-32.4C337.9 128 224 128 224 128s-113.9 0-142.2 7.7c-15.7 4.2-28 16.6-32.2 32.4-7.6 28.5-7.6 88.2-7.6 88.2s0 59.6 7.6 88.2c4.2 15.8 16.5 27.7 32.2 31.9C110.1 384 224 384 224 384s113.9 0 142.2-7.7c15.7-4.2 28-16.1 32.2-31.9 7.6-28.5 7.6-88.1 7.6-88.1z\"><\/path><\/svg>\t\t\t<\/span>\n\t\t\t\t\t\t\t\t\t<span class=\"elementor-button-text\">Enter to learn<\/span>\n\t\t\t\t\t<\/span>\n\t\t\t\t\t<\/a>\n\t\t\t\t<\/div>\n\t\t\t\t\t\t\t\t<\/div>\n\t\t\t\t<\/div>\n\t\t\t\t<\/div>\n\t\t\t\t<\/div>\n\t\t\t\t\t<\/div>\n\t\t\t\t<\/div>\n\t\t\t\t<\/div>","protected":false},"excerpt":{"rendered":"<p>Aprende efectivamente Estrtegias de venta efectivas En esta secci\u00f3n descubrir\u00e1s estrategias pr\u00e1cticas para vender peces ornamentales de forma m\u00e1s efectiva y rentable. El contenido est\u00e1 dise\u00f1ado para comerciantes y personas del sector que quieren mejorar sus resultados, entender mejor a sus clientes y tomar mejores decisiones de venta. Aqu\u00ed aprender\u00e1s qu\u00e9 funciona hoy en el [&hellip;]<\/p>\n","protected":false},"author":1,"featured_media":3417,"parent":0,"menu_order":0,"comment_status":"closed","ping_status":"closed","template":"","meta":{"site-sidebar-layout":"no-sidebar","site-content-layout":"page-builder","ast-site-content-layout":"full-width-container","site-content-style":"default","site-sidebar-style":"default","ast-global-header-display":"","ast-banner-title-visibility":"","ast-main-header-display":"","ast-hfb-above-header-display":"","ast-hfb-below-header-display":"","ast-hfb-mobile-header-display":"","site-post-title":"","ast-breadcrumbs-content":"","ast-featured-img":"disabled","footer-sml-layout":"","ast-disable-related-posts":"","theme-transparent-header-meta":"","adv-header-id-meta":"","stick-header-meta":"","header-above-stick-meta":"","header-main-stick-meta":"","header-below-stick-meta":"","astra-migrate-meta-layouts":"set","ast-page-background-enabled":"default","ast-page-background-meta":{"desktop":{"background-color":"var(--ast-global-color-4)","background-image":"","background-repeat":"repeat","background-position":"center center","background-size":"auto","background-attachment":"scroll","background-type":"","background-media":"","overlay-type":"","overlay-color":"","overlay-opacity":"","overlay-gradient":""},"tablet":{"background-color":"","background-image":"","background-repeat":"repeat","background-position":"center center","background-size":"auto","background-attachment":"scroll","background-type":"","background-media":"","overlay-type":"","overlay-color":"","overlay-opacity":"","overlay-gradient":""},"mobile":{"background-color":"","background-image":"","background-repeat":"repeat","background-position":"center center","background-size":"auto","background-attachment":"scroll","background-type":"","background-media":"","overlay-type":"","overlay-color":"","overlay-opacity":"","overlay-gradient":""}},"ast-content-background-meta":{"desktop":{"background-color":"var(--ast-global-color-5)","background-image":"","background-repeat":"repeat","background-position":"center center","background-size":"auto","background-attachment":"scroll","background-type":"","background-media":"","overlay-type":"","overlay-color":"","overlay-opacity":"","overlay-gradient":""},"tablet":{"background-color":"var(--ast-global-color-5)","background-image":"","background-repeat":"repeat","background-position":"center center","background-size":"auto","background-attachment":"scroll","background-type":"","background-media":"","overlay-type":"","overlay-color":"","overlay-opacity":"","overlay-gradient":""},"mobile":{"background-color":"var(--ast-global-color-5)","background-image":"","background-repeat":"repeat","background-position":"center center","background-size":"auto","background-attachment":"scroll","background-type":"","background-media":"","overlay-type":"","overlay-color":"","overlay-opacity":"","overlay-gradient":""}},"footnotes":""},"class_list":["post-3415","page","type-page","status-publish","has-post-thumbnail","hentry"],"_links":{"self":[{"href":"https:\/\/thebestfishinlatinamerica.com\/en\/wp-json\/wp\/v2\/pages\/3415","targetHints":{"allow":["GET"]}}],"collection":[{"href":"https:\/\/thebestfishinlatinamerica.com\/en\/wp-json\/wp\/v2\/pages"}],"about":[{"href":"https:\/\/thebestfishinlatinamerica.com\/en\/wp-json\/wp\/v2\/types\/page"}],"author":[{"embeddable":true,"href":"https:\/\/thebestfishinlatinamerica.com\/en\/wp-json\/wp\/v2\/users\/1"}],"replies":[{"embeddable":true,"href":"https:\/\/thebestfishinlatinamerica.com\/en\/wp-json\/wp\/v2\/comments?post=3415"}],"version-history":[{"count":58,"href":"https:\/\/thebestfishinlatinamerica.com\/en\/wp-json\/wp\/v2\/pages\/3415\/revisions"}],"predecessor-version":[{"id":3509,"href":"https:\/\/thebestfishinlatinamerica.com\/en\/wp-json\/wp\/v2\/pages\/3415\/revisions\/3509"}],"wp:featuredmedia":[{"embeddable":true,"href":"https:\/\/thebestfishinlatinamerica.com\/en\/wp-json\/wp\/v2\/media\/3417"}],"wp:attachment":[{"href":"https:\/\/thebestfishinlatinamerica.com\/en\/wp-json\/wp\/v2\/media?parent=3415"}],"curies":[{"name":"wp","href":"https:\/\/api.w.org\/{rel}","templated":true}]}}